{"id":89,"date":"2021-12-02T12:32:25","date_gmt":"2021-12-02T12:32:25","guid":{"rendered":"https:\/\/lacalade.fr\/?page_id=89"},"modified":"2022-03-22T17:38:36","modified_gmt":"2022-03-22T17:38:36","slug":"aproposdenous","status":"publish","type":"page","link":"https:\/\/lacalade.fr\/fr\/aproposdenous\/","title":{"rendered":"\u00c0 Propos de Nous"},"content":{"rendered":"<p>[et_pb_section fb_built=&#8221;1&#8243; admin_label=&#8221;Header&#8221; _builder_version=&#8221;4.14.2&#8243; use_background_color_gradient=&#8221;on&#8221; background_color_gradient_start=&#8221;rgba(255,255,255,0.89)&#8221; background_color_gradient_end=&#8221;rgba(255,255,255,0)&#8221; background_color_gradient_type=&#8221;radial&#8221; background_color_gradient_direction_radial=&#8221;top left&#8221; background_color_gradient_start_position=&#8221;30%&#8221; background_color_gradient_end_position=&#8221;80%&#8221; background_color_gradient_overlays_image=&#8221;on&#8221; background_image=&#8221;https:\/\/lacalade.fr\/wp-content\/uploads\/2022\/01\/2109_LaCalade_aALIX-17-scaled.jpg&#8221; custom_margin=&#8221;|||&#8221; custom_padding=&#8221;8vw|0px|0|0px|false|false&#8221; locked=&#8221;off&#8221; global_colors_info=&#8221;{}&#8221;][et_pb_row _builder_version=&#8221;4.15&#8243; global_colors_info=&#8221;{}&#8221;][et_pb_column type=&#8221;4_4&#8243; _builder_version=&#8221;4.15&#8243; custom_padding=&#8221;|||&#8221; global_colors_info=&#8221;{}&#8221; custom_padding__hover=&#8221;|||&#8221;][et_pb_text _builder_version=&#8221;4.15&#8243; text_font=&#8221;||||||||&#8221; header_font=&#8221;Raleway|700|||||||&#8221; header_font_size=&#8221;66px&#8221; header_line_height=&#8221;1.2em&#8221; header_5_font=&#8221;Raleway|700||on|||||&#8221; header_5_text_color=&#8221;#000000&#8243; header_5_font_size=&#8221;20px&#8221; header_5_letter_spacing=&#8221;0.5em&#8221; header_5_line_height=&#8221;1.8em&#8221; animation_style=&#8221;zoom&#8221; animation_intensity_zoom=&#8221;5%&#8221; header_font_size_tablet=&#8221;48px&#8221; header_font_size_phone=&#8221;32px&#8221; header_font_size_last_edited=&#8221;on|phone&#8221; header_5_font_size_tablet=&#8221;14px&#8221; header_5_font_size_phone=&#8221;12px&#8221; header_5_font_size_last_edited=&#8221;on|desktop&#8221; global_colors_info=&#8221;{}&#8221;]<\/p>\n<h5><\/h5>\n<h1>\u00c0 propos de nous<\/h1>\n<h1>et de La Calade<\/h1>\n<p>[\/et_pb_text][\/et_pb_column][\/et_pb_row][\/et_pb_section][et_pb_section fb_built=&#8221;1&#8243; admin_label=&#8221;History&#8221; _builder_version=&#8221;4.15&#8243; global_colors_info=&#8221;{}&#8221;][et_pb_row _builder_version=&#8221;4.15&#8243; locked=&#8221;off&#8221; global_colors_info=&#8221;{}&#8221;][et_pb_column type=&#8221;4_4&#8243; _builder_version=&#8221;4.15&#8243; custom_padding=&#8221;|||&#8221; global_colors_info=&#8221;{}&#8221; custom_padding__hover=&#8221;|||&#8221;][et_pb_text _builder_version=&#8221;4.15&#8243; text_font=&#8221;||||||||&#8221; text_font_size=&#8221;16px&#8221; text_line_height=&#8221;2em&#8221; header_font=&#8221;||||||||&#8221; header_2_font=&#8221;Raleway|700|||||||&#8221; header_2_font_size=&#8221;50px&#8221; header_2_line_height=&#8221;1.2em&#8221; header_6_font=&#8221;Raleway|700||on|||||&#8221; header_6_font_size=&#8221;16px&#8221; header_6_letter_spacing=&#8221;5px&#8221; header_6_line_height=&#8221;1.8em&#8221; text_orientation=&#8221;center&#8221; max_width=&#8221;700px&#8221; module_alignment=&#8221;center&#8221; header_2_font_size_tablet=&#8221;35px&#8221; header_2_font_size_phone=&#8221;25px&#8221; header_2_font_size_last_edited=&#8221;on|phone&#8221; global_colors_info=&#8221;{}&#8221;]<\/p>\n<h6>vos h\u00f4tes<\/h6>\n<h2>Bonjour! Nous sommes Rob, Natalie et Th\u00e9o<\/h2>\n<p>&nbsp;<\/p>\n<p>Nous avons d\u00e9m\u00e9nag\u00e9 des Alpes fran\u00e7aises vers le sud ensoleill\u00e9 fin 2017 \u00e0 la recherche de la maison de nos r\u00eaves et d&#8217;un Bed &amp; Breakfast, d&#8217;un peu de d\u00e9paysement, d&#8217;une vie plus calme et pour \u00eatre plus proche des parents de Rob, qui habitent dans le coin. Th\u00e9o nous a ensuite rejoint en ao\u00fbt 2018 pour changer totalement notre vie une fois de plus !<\/p>\n<p>Rob (\u00e9galement connu sous le nom de \u00ab TC \u00bb) a tenu son propre bar dans la station de ski de Tignes pendant 17 ans, et Natalie a travaill\u00e9 dans des chalets et des bars dans diverses stations de ski \u00e0 travers l&#8217;Europe pendant environ 10 ans. Nous nous sommes rencontr\u00e9s une nuit fatidique au TC&#8217;s Bar et le reste, comme on dit, appartient \u00e0 l&#8217;histoire !<\/p>\n<p>Ainsi, apr\u00e8s avoir travaill\u00e9 dans le tourisme et l&#8217;h\u00f4tellerie pendant plus d&#8217;une d\u00e9cennie, nous avons senti que nous voulions continuer, c&#8217;est \u00e0 ce moment que l&#8217;id\u00e9e de La Calade est n\u00e9e. L&#8217;endroit id\u00e9al pour continuer \u00e0 rencontrer de nouvelles personnes, partager notre connaissance de cette belle r\u00e9gion, le merveilleux cyclisme dans la campagne environnante et notre nouvelle passion pour le vin du Languedoc !<\/p>\n<p>La chose la plus importante pour nous est l&#8217;exp\u00e9rience de nos clients.<\/p>\n<p>[\/et_pb_text][\/et_pb_column][\/et_pb_row][et_pb_row _builder_version=&#8221;4.15&#8243; _module_preset=&#8221;default&#8221; width=&#8221;60%&#8221; global_colors_info=&#8221;{}&#8221;][et_pb_column type=&#8221;4_4&#8243; _builder_version=&#8221;4.15&#8243; _module_preset=&#8221;default&#8221; global_colors_info=&#8221;{}&#8221;][et_pb_image src=&#8221;https:\/\/lacalade.fr\/wp-content\/uploads\/2020\/03\/LaCalade_Bed_and_Breakfast_Rob_Natalie_Theo-1.jpg&#8221; title_text=&#8221;Rob, Natalie &#038; Theo&#8221; _builder_version=&#8221;4.15&#8243; _module_preset=&#8221;default&#8221; global_colors_info=&#8221;{}&#8221;][\/et_pb_image][\/et_pb_column][\/et_pb_row][\/et_pb_section][et_pb_section fb_built=&#8221;1&#8243; admin_label=&#8221;Accommodations&#8221; _builder_version=&#8221;4.14.7&#8243; use_background_color_gradient=&#8221;on&#8221; background_color_gradient_start=&#8221;#2f3a44&#8243; background_color_gradient_end=&#8221;rgba(38,46,53,0)&#8221; background_color_gradient_direction=&#8221;150deg&#8221; background_color_gradient_start_position=&#8221;25%&#8221; background_color_gradient_overlays_image=&#8221;on&#8221; background_image=&#8221;https:\/\/lacalade.fr\/wp-content\/uploads\/2022\/01\/Untitled-design-34.jpg&#8221; custom_padding=&#8221;0vw|0px|0px|0px|false|false&#8221; global_module=&#8221;81742&#8243; saved_tabs=&#8221;all&#8221; locked=&#8221;off&#8221; global_colors_info=&#8221;{}&#8221;][et_pb_row _builder_version=&#8221;4.15&#8243; global_colors_info=&#8221;{}&#8221;][et_pb_column type=&#8221;4_4&#8243; _builder_version=&#8221;4.15&#8243; custom_padding=&#8221;|||&#8221; global_colors_info=&#8221;{}&#8221; custom_padding__hover=&#8221;|||&#8221;][et_pb_testimonial author=&#8221;Abdelmalek Belgaid \u2013 France&#8221; portrait_url=&#8221;https:\/\/lacalade.fr\/wp-content\/uploads\/2021\/12\/quote1.png&#8221; quote_icon=&#8221;off&#8221; _builder_version=&#8221;4.15&#8243; body_font=&#8221;Raleway||on||||||&#8221; body_font_size=&#8221;16px&#8221; body_line_height=&#8221;1.6em&#8221; use_background_color=&#8221;off&#8221; background_layout=&#8221;dark&#8221; max_width=&#8221;600px&#8221; module_alignment=&#8221;center&#8221; custom_margin_tablet=&#8221;|40px||40px||true&#8221; animation_style=&#8221;slide&#8221; animation_direction=&#8221;bottom&#8221; animation_intensity_slide=&#8221;5%&#8221; box_shadow_style_image=&#8221;preset1&#8243; box_shadow_vertical_image=&#8221;10px&#8221; box_shadow_blur_image=&#8221;60px&#8221; box_shadow_spread_image=&#8221;10px&#8221; global_colors_info=&#8221;{}&#8221;]<\/p>\n<div>\n<p>\u00ab Nous avons appr\u00e9ci\u00e9 notre court s\u00e9jour chez Natalie et Robert. Ils sont accueillants, Ils nous ont mis \u00e0 l\u2019aise. Maison spacieuse confortable, d\u00e9cor\u00e9e avec go\u00fbt. Petit d\u00e9jeuner bien pr\u00e9sent\u00e9. Maison authentique dans un village typique au calme. D\u00e9paysement et repos garantis. Nous y retournerons avec plaisir\u00bb<\/p>\n<\/div>\n<div><\/div>\n<p>[\/et_pb_testimonial][\/et_pb_column][\/et_pb_row][\/et_pb_section][et_pb_section fb_built=&#8221;1&#8243; _builder_version=&#8221;4.15&#8243; _module_preset=&#8221;default&#8221; global_colors_info=&#8221;{}&#8221;][et_pb_row _builder_version=&#8221;4.15&#8243; width=&#8221;100%&#8221; custom_margin=&#8221;||60px|&#8221; locked=&#8221;off&#8221; global_colors_info=&#8221;{}&#8221;][et_pb_column type=&#8221;4_4&#8243; _builder_version=&#8221;4.15&#8243; custom_padding=&#8221;|||&#8221; global_colors_info=&#8221;{}&#8221; custom_padding__hover=&#8221;|||&#8221;][et_pb_image src=&#8221;https:\/\/lacalade.fr\/wp-content\/uploads\/2022\/01\/us1.png&#8221; title_text=&#8221;Rob &#038; Natalie&#8221; align_tablet=&#8221;center&#8221; align_phone=&#8221;center&#8221; align_last_edited=&#8221;on|desktop&#8221; _builder_version=&#8221;4.15&#8243; max_width=&#8221;300px&#8221; module_alignment=&#8221;center&#8221; border_radii=&#8221;on|100%|100%|100%|100%&#8221; global_colors_info=&#8221;{}&#8221;][\/et_pb_image][et_pb_text _builder_version=&#8221;4.15&#8243; text_font=&#8221;||||||||&#8221; text_font_size=&#8221;16px&#8221; text_line_height=&#8221;2em&#8221; header_font=&#8221;||||||||&#8221; header_2_font=&#8221;Raleway|700|||||||&#8221; header_2_font_size=&#8221;50px&#8221; header_2_line_height=&#8221;1.2em&#8221; header_6_font=&#8221;Raleway|700||on|||||&#8221; header_6_font_size=&#8221;16px&#8221; header_6_letter_spacing=&#8221;5px&#8221; header_6_line_height=&#8221;1.8em&#8221; text_orientation=&#8221;center&#8221; max_width=&#8221;700px&#8221; module_alignment=&#8221;center&#8221; header_2_font_size_tablet=&#8221;35px&#8221; header_2_font_size_phone=&#8221;25px&#8221; header_2_font_size_last_edited=&#8221;on|phone&#8221; global_colors_info=&#8221;{}&#8221;]<\/p>\n<h6>la propri\u00e9t\u00e9<\/h6>\n<h2>La Calade<\/h2>\n<p>La Calade, comme de nombreuses propri\u00e9t\u00e9s dans ce domaine, \u00e9tait autrefois une \u00abmaison vigneronne\u00bb. Elle date d&#8217;environ 1850 et conserve les grandes portes de garage et l&#8217;ancienne cuve \u00e0 vin dans la cave.<\/p>\n<p>La maison elle-m\u00eame conserve \u00e9galement bon nombre de ses caract\u00e9ristiques d&#8217;origine; y compris l&#8217;escalier en pierre d&#8217;origine, les poutres apparentes et les murs en pierres apparentes. Ceux-ci ont \u00e9t\u00e9 parfaitement combin\u00e9s avec des meubles recycl\u00e9s originaux et des luminaires modernes cr\u00e9ant l&#8217;endroit id\u00e9al pour passer votre temps dans le sud de la France<\/p>\n<p>[\/et_pb_text][\/et_pb_column][\/et_pb_row][\/et_pb_section][et_pb_section fb_built=&#8221;1&#8243; _builder_version=&#8221;4.15&#8243; _module_preset=&#8221;default&#8221; background_color=&#8221;#637059&#8243; custom_padding=&#8221;0px||0px||true|&#8221; locked=&#8221;off&#8221; global_colors_info=&#8221;{}&#8221;][et_pb_row column_structure=&#8221;1_3,1_3,1_3&#8243; _builder_version=&#8221;4.15&#8243; _module_preset=&#8221;default&#8221; global_colors_info=&#8221;{}&#8221;][et_pb_column type=&#8221;1_3&#8243; _builder_version=&#8221;4.15&#8243; _module_preset=&#8221;default&#8221; global_colors_info=&#8221;{}&#8221;][et_pb_image src=&#8221;https:\/\/lacalade.fr\/wp-content\/uploads\/2022\/03\/logo-100&#215;100-1.png&#8221; title_text=&#8221;logo-100&#215;100&#8243; show_bottom_space=&#8221;off&#8221; align=&#8221;center&#8221; _builder_version=&#8221;4.15&#8243; _module_preset=&#8221;default&#8221; global_colors_info=&#8221;{}&#8221;][\/et_pb_image][\/et_pb_column][et_pb_column type=&#8221;1_3&#8243; _builder_version=&#8221;4.15&#8243; _module_preset=&#8221;default&#8221; global_colors_info=&#8221;{}&#8221;][et_pb_text _builder_version=&#8221;4.15&#8243; _module_preset=&#8221;default&#8221; text_text_color=&#8221;#FFFFFF&#8221; text_orientation=&#8221;center&#8221; custom_margin=&#8221;0px||||false|false&#8221; custom_padding=&#8221;||1px|||&#8221; global_colors_info=&#8221;{}&#8221;]<\/p>\n<p style=\"text-align: center;\">Politique de confidentialit\u00e9<a href=\"\/fr\/contact\/terms-and-conditions\/\" style=\"color: #ffffff;\"><\/a><\/p>\n<p style=\"text-align: center;\"><a href=\"\/fr\/contact\/terms-and-conditions\/\" style=\"color: #ffffff;\">Termes et Conditions<\/a><\/p>\n<p style=\"text-align: center;\"><strong>La Calade<\/strong><br \/>1 Route de Bize, Montouliers, 34310, France.<\/p>\n<p>[\/et_pb_text][\/et_pb_column][et_pb_column type=&#8221;1_3&#8243; _builder_version=&#8221;4.15&#8243; _module_preset=&#8221;default&#8221; global_colors_info=&#8221;{}&#8221;][\/et_pb_column][\/et_pb_row][\/et_pb_section]<\/p>\n","protected":false},"excerpt":{"rendered":"<p>\u00c0 propos de nous et de La Caladevos h\u00f4tes Bonjour! Nous sommes Rob, Natalie et Th\u00e9o &nbsp; Nous avons d\u00e9m\u00e9nag\u00e9 des Alpes fran\u00e7aises vers le sud ensoleill\u00e9 fin 2017 \u00e0 la recherche de la maison de nos r\u00eaves et d&#8217;un Bed &amp; Breakfast, d&#8217;un peu de d\u00e9paysement, d&#8217;une vie plus calme et pour \u00eatre plus [&hellip;]<\/p>\n","protected":false},"author":1,"featured_media":0,"parent":0,"menu_order":7,"comment_status":"closed","ping_status":"closed","template":"","meta":{"_et_pb_use_builder":"on","_et_pb_old_content":"","_et_gb_content_width":"","_monsterinsights_skip_tracking":false,"_monsterinsights_sitenote_active":false,"_monsterinsights_sitenote_note":"","_monsterinsights_sitenote_category":0,"footnotes":""},"class_list":["post-89","page","type-page","status-publish","hentry"],"yoast_head":"<!-- This site is optimized with the Yoast SEO plugin v27.6 - https:\/\/yoast.com\/product\/yoast-seo-wordpress\/ -->\n<title>\u00c0 Propos de Nous - La Calade<\/title>\n<meta name=\"robots\" content=\"index, follow, max-snippet:-1, max-image-preview:large, max-video-preview:-1\" \/>\n<link rel=\"canonical\" href=\"https:\/\/lacalade.fr\/fr\/aproposdenous\/\" \/>\n<meta property=\"og:locale\" content=\"en_GB\" \/>\n<meta property=\"og:type\" content=\"article\" \/>\n<meta property=\"og:title\" content=\"\u00c0 Propos de Nous - La Calade\" \/>\n<meta property=\"og:description\" content=\"\u00c0 propos de nous et de La Caladevos h\u00f4tes Bonjour! Nous sommes Rob, Natalie et Th\u00e9o &nbsp; Nous avons d\u00e9m\u00e9nag\u00e9 des Alpes fran\u00e7aises vers le sud ensoleill\u00e9 fin 2017 \u00e0 la recherche de la maison de nos r\u00eaves et d&#039;un Bed &amp; Breakfast, d&#039;un peu de d\u00e9paysement, d&#039;une vie plus calme et pour \u00eatre plus [&hellip;]\" \/>\n<meta property=\"og:url\" content=\"https:\/\/lacalade.fr\/fr\/aproposdenous\/\" \/>\n<meta property=\"og:site_name\" content=\"La Calade\" \/>\n<meta property=\"article:modified_time\" content=\"2022-03-22T17:38:36+00:00\" \/>\n<meta name=\"twitter:card\" content=\"summary_large_image\" \/>\n<meta name=\"twitter:label1\" content=\"Estimated reading time\" \/>\n\t<meta name=\"twitter:data1\" content=\"6 minutes\" \/>\n<script type=\"application\/ld+json\" class=\"yoast-schema-graph\">{\"@context\":\"https:\\\/\\\/schema.org\",\"@graph\":[{\"@type\":\"WebPage\",\"@id\":\"https:\\\/\\\/lacalade.fr\\\/fr\\\/aproposdenous\\\/\",\"url\":\"https:\\\/\\\/lacalade.fr\\\/fr\\\/aproposdenous\\\/\",\"name\":\"\u00c0 Propos de Nous - La Calade\",\"isPartOf\":{\"@id\":\"https:\\\/\\\/lacalade.fr\\\/fr\\\/#website\"},\"datePublished\":\"2021-12-02T12:32:25+00:00\",\"dateModified\":\"2022-03-22T17:38:36+00:00\",\"breadcrumb\":{\"@id\":\"https:\\\/\\\/lacalade.fr\\\/fr\\\/aproposdenous\\\/#breadcrumb\"},\"inLanguage\":\"en-GB\",\"potentialAction\":[{\"@type\":\"ReadAction\",\"target\":[\"https:\\\/\\\/lacalade.fr\\\/fr\\\/aproposdenous\\\/\"]}]},{\"@type\":\"BreadcrumbList\",\"@id\":\"https:\\\/\\\/lacalade.fr\\\/fr\\\/aproposdenous\\\/#breadcrumb\",\"itemListElement\":[{\"@type\":\"ListItem\",\"position\":1,\"name\":\"Home\",\"item\":\"https:\\\/\\\/lacalade.fr\\\/fr\\\/\"},{\"@type\":\"ListItem\",\"position\":2,\"name\":\"\u00c0 Propos de Nous\"}]},{\"@type\":\"WebSite\",\"@id\":\"https:\\\/\\\/lacalade.fr\\\/fr\\\/#website\",\"url\":\"https:\\\/\\\/lacalade.fr\\\/fr\\\/\",\"name\":\"La Calade\",\"description\":\"Bed and Breakfast, Montouliers, France\",\"potentialAction\":[{\"@type\":\"SearchAction\",\"target\":{\"@type\":\"EntryPoint\",\"urlTemplate\":\"https:\\\/\\\/lacalade.fr\\\/fr\\\/?s={search_term_string}\"},\"query-input\":{\"@type\":\"PropertyValueSpecification\",\"valueRequired\":true,\"valueName\":\"search_term_string\"}}],\"inLanguage\":\"en-GB\"}]}<\/script>\n<!-- \/ Yoast SEO plugin. -->","yoast_head_json":{"title":"\u00c0 Propos de Nous - La Calade","robots":{"index":"index","follow":"follow","max-snippet":"max-snippet:-1","max-image-preview":"max-image-preview:large","max-video-preview":"max-video-preview:-1"},"canonical":"https:\/\/lacalade.fr\/fr\/aproposdenous\/","og_locale":"en_GB","og_type":"article","og_title":"\u00c0 Propos de Nous - La Calade","og_description":"\u00c0 propos de nous et de La Caladevos h\u00f4tes Bonjour! Nous sommes Rob, Natalie et Th\u00e9o &nbsp; Nous avons d\u00e9m\u00e9nag\u00e9 des Alpes fran\u00e7aises vers le sud ensoleill\u00e9 fin 2017 \u00e0 la recherche de la maison de nos r\u00eaves et d'un Bed &amp; Breakfast, d'un peu de d\u00e9paysement, d'une vie plus calme et pour \u00eatre plus [&hellip;]","og_url":"https:\/\/lacalade.fr\/fr\/aproposdenous\/","og_site_name":"La Calade","article_modified_time":"2022-03-22T17:38:36+00:00","twitter_card":"summary_large_image","twitter_misc":{"Estimated reading time":"6 minutes"},"schema":{"@context":"https:\/\/schema.org","@graph":[{"@type":"WebPage","@id":"https:\/\/lacalade.fr\/fr\/aproposdenous\/","url":"https:\/\/lacalade.fr\/fr\/aproposdenous\/","name":"\u00c0 Propos de Nous - La Calade","isPartOf":{"@id":"https:\/\/lacalade.fr\/fr\/#website"},"datePublished":"2021-12-02T12:32:25+00:00","dateModified":"2022-03-22T17:38:36+00:00","breadcrumb":{"@id":"https:\/\/lacalade.fr\/fr\/aproposdenous\/#breadcrumb"},"inLanguage":"en-GB","potentialAction":[{"@type":"ReadAction","target":["https:\/\/lacalade.fr\/fr\/aproposdenous\/"]}]},{"@type":"BreadcrumbList","@id":"https:\/\/lacalade.fr\/fr\/aproposdenous\/#breadcrumb","itemListElement":[{"@type":"ListItem","position":1,"name":"Home","item":"https:\/\/lacalade.fr\/fr\/"},{"@type":"ListItem","position":2,"name":"\u00c0 Propos de Nous"}]},{"@type":"WebSite","@id":"https:\/\/lacalade.fr\/fr\/#website","url":"https:\/\/lacalade.fr\/fr\/","name":"La Calade","description":"Bed and Breakfast, Montouliers, France","potentialAction":[{"@type":"SearchAction","target":{"@type":"EntryPoint","urlTemplate":"https:\/\/lacalade.fr\/fr\/?s={search_term_string}"},"query-input":{"@type":"PropertyValueSpecification","valueRequired":true,"valueName":"search_term_string"}}],"inLanguage":"en-GB"}]}},"_links":{"self":[{"href":"https:\/\/lacalade.fr\/fr\/wp-json\/wp\/v2\/pages\/89","targetHints":{"allow":["GET"]}}],"collection":[{"href":"https:\/\/lacalade.fr\/fr\/wp-json\/wp\/v2\/pages"}],"about":[{"href":"https:\/\/lacalade.fr\/fr\/wp-json\/wp\/v2\/types\/page"}],"author":[{"embeddable":true,"href":"https:\/\/lacalade.fr\/fr\/wp-json\/wp\/v2\/users\/1"}],"replies":[{"embeddable":true,"href":"https:\/\/lacalade.fr\/fr\/wp-json\/wp\/v2\/comments?post=89"}],"version-history":[{"count":27,"href":"https:\/\/lacalade.fr\/fr\/wp-json\/wp\/v2\/pages\/89\/revisions"}],"predecessor-version":[{"id":82462,"href":"https:\/\/lacalade.fr\/fr\/wp-json\/wp\/v2\/pages\/89\/revisions\/82462"}],"wp:attachment":[{"href":"https:\/\/lacalade.fr\/fr\/wp-json\/wp\/v2\/media?parent=89"}],"curies":[{"name":"wp","href":"https:\/\/api.w.org\/{rel}","templated":true}]}}