{"id":80,"date":"2021-12-02T12:27:56","date_gmt":"2021-12-02T12:27:56","guid":{"rendered":"https:\/\/lacalade.fr\/?page_id=80"},"modified":"2022-03-22T17:46:26","modified_gmt":"2022-03-22T17:46:26","slug":"photo-gallery","status":"publish","type":"page","link":"https:\/\/lacalade.fr\/fr\/photo-gallery\/","title":{"rendered":"Photo Gallery"},"content":{"rendered":"<p>[et_pb_section fb_built=&#8221;1&#8243; admin_label=&#8221;Header&#8221; _builder_version=&#8221;4.14.7&#8243; use_background_color_gradient=&#8221;on&#8221; background_color_gradient_start=&#8221;rgba(255,255,255,0.89)&#8221; background_color_gradient_end=&#8221;rgba(255,255,255,0)&#8221; background_color_gradient_type=&#8221;radial&#8221; background_color_gradient_direction_radial=&#8221;top left&#8221; background_color_gradient_start_position=&#8221;30%&#8221; background_color_gradient_end_position=&#8221;80%&#8221; background_color_gradient_overlays_image=&#8221;on&#8221; background_image=&#8221;https:\/\/lacalade.fr\/wp-content\/uploads\/2022\/01\/Untitled-design-52.jpg&#8221; custom_padding=&#8221;12vw|0px|0|0px|false|false&#8221; global_colors_info=&#8221;{}&#8221;][et_pb_row _builder_version=&#8221;4.15&#8243; custom_margin=&#8221;|||&#8221; global_colors_info=&#8221;{}&#8221;][et_pb_column type=&#8221;4_4&#8243; _builder_version=&#8221;4.15&#8243; custom_padding=&#8221;|||&#8221; global_colors_info=&#8221;{}&#8221; custom_padding__hover=&#8221;|||&#8221;][et_pb_text _builder_version=&#8221;4.15&#8243; text_font=&#8221;||||||||&#8221; text_font_size=&#8221;10px&#8221; header_font=&#8221;Raleway|700|||||||&#8221; header_font_size=&#8221;63px&#8221; header_line_height=&#8221;1.2em&#8221; header_5_font=&#8221;Raleway|700||on|||||&#8221; header_5_text_color=&#8221;#000000&#8243; header_5_font_size=&#8221;20px&#8221; header_5_letter_spacing=&#8221;0.5em&#8221; header_5_line_height=&#8221;1.8em&#8221; animation_style=&#8221;zoom&#8221; animation_intensity_zoom=&#8221;5%&#8221; header_font_size_tablet=&#8221;48px&#8221; header_font_size_phone=&#8221;32px&#8221; header_font_size_last_edited=&#8221;on|phone&#8221; header_5_font_size_tablet=&#8221;14px&#8221; header_5_font_size_phone=&#8221;12px&#8221; header_5_font_size_last_edited=&#8221;on|desktop&#8221; global_colors_info=&#8221;{}&#8221;]<\/p>\n<h5>faire un tour<\/h5>\n<h1>de La Calade &amp; Montouliers<\/h1>\n<p>[\/et_pb_text][\/et_pb_column][\/et_pb_row][\/et_pb_section][et_pb_section fb_built=&#8221;1&#8243; admin_label=&#8221;About Us&#8221; _builder_version=&#8221;4.15&#8243; global_colors_info=&#8221;{}&#8221;][et_pb_row _builder_version=&#8221;4.15&#8243; _module_preset=&#8221;default&#8221; global_colors_info=&#8221;{}&#8221;][et_pb_column type=&#8221;4_4&#8243; _builder_version=&#8221;4.15&#8243; _module_preset=&#8221;default&#8221; global_colors_info=&#8221;{}&#8221;][et_pb_gallery gallery_ids=&#8221;81555,81553,81554,81549,81556,81558,81559,81560,81561,81562,81563,81564,81565,81566,81570,81568,81569,81571,81578,81579,81580,81581,81582,81583,81572,81573,81576,81575,81577,81574,81584,81585,81586,81587,81588,81589&#8243; posts_number=&#8221;40&#8243; show_title_and_caption=&#8221;off&#8221; show_pagination=&#8221;off&#8221; _builder_version=&#8221;4.15&#8243; _module_preset=&#8221;default&#8221; width=&#8221;100%&#8221; global_colors_info=&#8221;{}&#8221;][\/et_pb_gallery][\/et_pb_column][\/et_pb_row][\/et_pb_section][et_pb_section fb_built=&#8221;1&#8243; admin_label=&#8221;Testimonial&#8221; _builder_version=&#8221;4.14.7&#8243; use_background_color_gradient=&#8221;on&#8221; background_color_gradient_start=&#8221;rgba(106,125,140,0.5)&#8221; background_color_gradient_end=&#8221;#6a7d8c&#8221; background_color_gradient_overlays_image=&#8221;on&#8221; background_image=&#8221;https:\/\/lacalade.fr\/wp-content\/uploads\/2022\/01\/Untitled-design-67.jpg&#8221; custom_padding=&#8221;0vw|0px|0px|0px|false|false&#8221; global_colors_info=&#8221;{}&#8221;][et_pb_row _builder_version=&#8221;4.15&#8243; global_colors_info=&#8221;{}&#8221;][et_pb_column type=&#8221;4_4&#8243; _builder_version=&#8221;4.15&#8243; custom_padding=&#8221;|||&#8221; global_colors_info=&#8221;{}&#8221; custom_padding__hover=&#8221;|||&#8221;][et_pb_testimonial author=&#8221;Marianne Duroch\u00e9 \u2013 France&#8221; portrait_url=&#8221;https:\/\/lacalade.fr\/wp-content\/uploads\/2021\/12\/quote1.png&#8221; quote_icon=&#8221;off&#8221; _builder_version=&#8221;4.15&#8243; body_font=&#8221;Raleway||on||||||&#8221; body_font_size=&#8221;16px&#8221; body_line_height=&#8221;1.6em&#8221; use_background_color=&#8221;off&#8221; background_layout=&#8221;dark&#8221; max_width=&#8221;600px&#8221; module_alignment=&#8221;center&#8221; custom_margin_tablet=&#8221;|40px||40px||true&#8221; animation_style=&#8221;slide&#8221; animation_direction=&#8221;bottom&#8221; animation_intensity_slide=&#8221;5%&#8221; box_shadow_style_image=&#8221;preset1&#8243; box_shadow_vertical_image=&#8221;10px&#8221; box_shadow_blur_image=&#8221;60px&#8221; box_shadow_spread_image=&#8221;10px&#8221; global_colors_info=&#8221;{}&#8221;]<\/p>\n<div>\n<p>\u00ab Quelle d\u00e9coration raffin\u00e9e !<\/p>\n<p>Nous sommes ravis de notre s\u00e9jour dans cette maison d\u00e9cor\u00e9e avec soin et agr\u00e9ment\u00e9e de belles pi\u00e8ces chin\u00e9es \u00bb<\/p>\n<\/div>\n<div><\/div>\n<p>[\/et_pb_testimonial][\/et_pb_column][\/et_pb_row][\/et_pb_section][et_pb_section fb_built=&#8221;1&#8243; _builder_version=&#8221;4.15&#8243; _module_preset=&#8221;default&#8221; background_color=&#8221;#637059&#8243; custom_padding=&#8221;0px||0px||true|&#8221; locked=&#8221;off&#8221; global_colors_info=&#8221;{}&#8221;][et_pb_row column_structure=&#8221;1_3,1_3,1_3&#8243; _builder_version=&#8221;4.15&#8243; _module_preset=&#8221;default&#8221; global_colors_info=&#8221;{}&#8221;][et_pb_column type=&#8221;1_3&#8243; _builder_version=&#8221;4.15&#8243; _module_preset=&#8221;default&#8221; global_colors_info=&#8221;{}&#8221;][et_pb_image src=&#8221;https:\/\/lacalade.fr\/wp-content\/uploads\/2022\/03\/logo-100&#215;100-1.png&#8221; title_text=&#8221;logo-100&#215;100&#8243; show_bottom_space=&#8221;off&#8221; align=&#8221;center&#8221; _builder_version=&#8221;4.15&#8243; _module_preset=&#8221;default&#8221; global_colors_info=&#8221;{}&#8221;][\/et_pb_image][\/et_pb_column][et_pb_column type=&#8221;1_3&#8243; _builder_version=&#8221;4.15&#8243; _module_preset=&#8221;default&#8221; global_colors_info=&#8221;{}&#8221;][et_pb_text _builder_version=&#8221;4.15&#8243; _module_preset=&#8221;default&#8221; text_text_color=&#8221;#FFFFFF&#8221; text_orientation=&#8221;center&#8221; custom_margin=&#8221;0px||||false|false&#8221; custom_padding=&#8221;||1px|||&#8221; global_colors_info=&#8221;{}&#8221;]<\/p>\n<p style=\"text-align: center;\">Politique de confidentialit\u00e9<\/p>\n<p style=\"text-align: center;\"><a href=\"\/fr\/contact\/terms-and-conditions\/\" style=\"color: #ffffff;\">Termes et Conditions<\/a><\/p>\n<p style=\"text-align: center;\"><strong>La Calade<\/strong><br \/>1 Route de Bize, Montouliers, 34310, France.<\/p>\n<p>[\/et_pb_text][\/et_pb_column][et_pb_column type=&#8221;1_3&#8243; _builder_version=&#8221;4.15&#8243; _module_preset=&#8221;default&#8221; global_colors_info=&#8221;{}&#8221;][\/et_pb_column][\/et_pb_row][\/et_pb_section]<\/p>\n","protected":false},"excerpt":{"rendered":"<p>faire un tour de La Calade &amp; Montouliers \u00ab Quelle d\u00e9coration raffin\u00e9e ! Nous sommes ravis de notre s\u00e9jour dans cette maison d\u00e9cor\u00e9e avec soin et agr\u00e9ment\u00e9e de belles pi\u00e8ces chin\u00e9es \u00bb Politique de confidentialit\u00e9 Termes et Conditions La Calade1 Route de Bize, Montouliers, 34310, France.<\/p>\n","protected":false},"author":1,"featured_media":0,"parent":0,"menu_order":4,"comment_status":"closed","ping_status":"closed","template":"","meta":{"_et_pb_use_builder":"on","_et_pb_old_content":"","_et_gb_content_width":"","_monsterinsights_skip_tracking":false,"_monsterinsights_sitenote_active":false,"_monsterinsights_sitenote_note":"","_monsterinsights_sitenote_category":0,"footnotes":""},"class_list":["post-80","page","type-page","status-publish","hentry"],"yoast_head":"<!-- This site is optimized with the Yoast SEO plugin v27.6 - https:\/\/yoast.com\/product\/yoast-seo-wordpress\/ -->\n<title>Photo Gallery - La Calade<\/title>\n<meta name=\"robots\" content=\"index, follow, max-snippet:-1, max-image-preview:large, max-video-preview:-1\" \/>\n<link rel=\"canonical\" href=\"https:\/\/lacalade.fr\/fr\/photo-gallery\/\" \/>\n<meta property=\"og:locale\" content=\"en_GB\" \/>\n<meta property=\"og:type\" content=\"article\" \/>\n<meta property=\"og:title\" content=\"Photo Gallery - La Calade\" \/>\n<meta property=\"og:description\" content=\"faire un tour de La Calade &amp; Montouliers \u00ab Quelle d\u00e9coration raffin\u00e9e ! Nous sommes ravis de notre s\u00e9jour dans cette maison d\u00e9cor\u00e9e avec soin et agr\u00e9ment\u00e9e de belles pi\u00e8ces chin\u00e9es \u00bb Politique de confidentialit\u00e9 Termes et Conditions La Calade1 Route de Bize, Montouliers, 34310, France.\" \/>\n<meta property=\"og:url\" content=\"https:\/\/lacalade.fr\/fr\/photo-gallery\/\" \/>\n<meta property=\"og:site_name\" content=\"La Calade\" \/>\n<meta property=\"article:modified_time\" content=\"2022-03-22T17:46:26+00:00\" \/>\n<meta name=\"twitter:card\" content=\"summary_large_image\" \/>\n<meta name=\"twitter:label1\" content=\"Estimated reading time\" \/>\n\t<meta name=\"twitter:data1\" content=\"3 minutes\" \/>\n<script type=\"application\/ld+json\" class=\"yoast-schema-graph\">{\"@context\":\"https:\\\/\\\/schema.org\",\"@graph\":[{\"@type\":\"WebPage\",\"@id\":\"https:\\\/\\\/lacalade.fr\\\/fr\\\/photo-gallery\\\/\",\"url\":\"https:\\\/\\\/lacalade.fr\\\/fr\\\/photo-gallery\\\/\",\"name\":\"Photo Gallery - La Calade\",\"isPartOf\":{\"@id\":\"https:\\\/\\\/lacalade.fr\\\/fr\\\/#website\"},\"datePublished\":\"2021-12-02T12:27:56+00:00\",\"dateModified\":\"2022-03-22T17:46:26+00:00\",\"breadcrumb\":{\"@id\":\"https:\\\/\\\/lacalade.fr\\\/fr\\\/photo-gallery\\\/#breadcrumb\"},\"inLanguage\":\"en-GB\",\"potentialAction\":[{\"@type\":\"ReadAction\",\"target\":[\"https:\\\/\\\/lacalade.fr\\\/fr\\\/photo-gallery\\\/\"]}]},{\"@type\":\"BreadcrumbList\",\"@id\":\"https:\\\/\\\/lacalade.fr\\\/fr\\\/photo-gallery\\\/#breadcrumb\",\"itemListElement\":[{\"@type\":\"ListItem\",\"position\":1,\"name\":\"Home\",\"item\":\"https:\\\/\\\/lacalade.fr\\\/fr\\\/\"},{\"@type\":\"ListItem\",\"position\":2,\"name\":\"Photo Gallery\"}]},{\"@type\":\"WebSite\",\"@id\":\"https:\\\/\\\/lacalade.fr\\\/fr\\\/#website\",\"url\":\"https:\\\/\\\/lacalade.fr\\\/fr\\\/\",\"name\":\"La Calade\",\"description\":\"Bed and Breakfast, Montouliers, France\",\"potentialAction\":[{\"@type\":\"SearchAction\",\"target\":{\"@type\":\"EntryPoint\",\"urlTemplate\":\"https:\\\/\\\/lacalade.fr\\\/fr\\\/?s={search_term_string}\"},\"query-input\":{\"@type\":\"PropertyValueSpecification\",\"valueRequired\":true,\"valueName\":\"search_term_string\"}}],\"inLanguage\":\"en-GB\"}]}<\/script>\n<!-- \/ Yoast SEO plugin. -->","yoast_head_json":{"title":"Photo Gallery - La Calade","robots":{"index":"index","follow":"follow","max-snippet":"max-snippet:-1","max-image-preview":"max-image-preview:large","max-video-preview":"max-video-preview:-1"},"canonical":"https:\/\/lacalade.fr\/fr\/photo-gallery\/","og_locale":"en_GB","og_type":"article","og_title":"Photo Gallery - La Calade","og_description":"faire un tour de La Calade &amp; Montouliers \u00ab Quelle d\u00e9coration raffin\u00e9e ! Nous sommes ravis de notre s\u00e9jour dans cette maison d\u00e9cor\u00e9e avec soin et agr\u00e9ment\u00e9e de belles pi\u00e8ces chin\u00e9es \u00bb Politique de confidentialit\u00e9 Termes et Conditions La Calade1 Route de Bize, Montouliers, 34310, France.","og_url":"https:\/\/lacalade.fr\/fr\/photo-gallery\/","og_site_name":"La Calade","article_modified_time":"2022-03-22T17:46:26+00:00","twitter_card":"summary_large_image","twitter_misc":{"Estimated reading time":"3 minutes"},"schema":{"@context":"https:\/\/schema.org","@graph":[{"@type":"WebPage","@id":"https:\/\/lacalade.fr\/fr\/photo-gallery\/","url":"https:\/\/lacalade.fr\/fr\/photo-gallery\/","name":"Photo Gallery - La Calade","isPartOf":{"@id":"https:\/\/lacalade.fr\/fr\/#website"},"datePublished":"2021-12-02T12:27:56+00:00","dateModified":"2022-03-22T17:46:26+00:00","breadcrumb":{"@id":"https:\/\/lacalade.fr\/fr\/photo-gallery\/#breadcrumb"},"inLanguage":"en-GB","potentialAction":[{"@type":"ReadAction","target":["https:\/\/lacalade.fr\/fr\/photo-gallery\/"]}]},{"@type":"BreadcrumbList","@id":"https:\/\/lacalade.fr\/fr\/photo-gallery\/#breadcrumb","itemListElement":[{"@type":"ListItem","position":1,"name":"Home","item":"https:\/\/lacalade.fr\/fr\/"},{"@type":"ListItem","position":2,"name":"Photo Gallery"}]},{"@type":"WebSite","@id":"https:\/\/lacalade.fr\/fr\/#website","url":"https:\/\/lacalade.fr\/fr\/","name":"La Calade","description":"Bed and Breakfast, Montouliers, France","potentialAction":[{"@type":"SearchAction","target":{"@type":"EntryPoint","urlTemplate":"https:\/\/lacalade.fr\/fr\/?s={search_term_string}"},"query-input":{"@type":"PropertyValueSpecification","valueRequired":true,"valueName":"search_term_string"}}],"inLanguage":"en-GB"}]}},"_links":{"self":[{"href":"https:\/\/lacalade.fr\/fr\/wp-json\/wp\/v2\/pages\/80","targetHints":{"allow":["GET"]}}],"collection":[{"href":"https:\/\/lacalade.fr\/fr\/wp-json\/wp\/v2\/pages"}],"about":[{"href":"https:\/\/lacalade.fr\/fr\/wp-json\/wp\/v2\/types\/page"}],"author":[{"embeddable":true,"href":"https:\/\/lacalade.fr\/fr\/wp-json\/wp\/v2\/users\/1"}],"replies":[{"embeddable":true,"href":"https:\/\/lacalade.fr\/fr\/wp-json\/wp\/v2\/comments?post=80"}],"version-history":[{"count":19,"href":"https:\/\/lacalade.fr\/fr\/wp-json\/wp\/v2\/pages\/80\/revisions"}],"predecessor-version":[{"id":82465,"href":"https:\/\/lacalade.fr\/fr\/wp-json\/wp\/v2\/pages\/80\/revisions\/82465"}],"wp:attachment":[{"href":"https:\/\/lacalade.fr\/fr\/wp-json\/wp\/v2\/media?parent=80"}],"curies":[{"name":"wp","href":"https:\/\/api.w.org\/{rel}","templated":true}]}}